	{"id":92,"date":"2016-04-20T10:34:30","date_gmt":"2016-04-20T08:34:30","guid":{"rendered":"http:\/\/basketball.stylemixthemes.com\/checkout\/"},"modified":"2021-01-22T16:51:04","modified_gmt":"2021-01-22T15:51:04","slug":"presentation","status":"publish","type":"page","link":"https:\/\/volly.server-prod.com\/index.php\/le-club\/presentation\/","title":{"rendered":"Pr\u00e9sentation"},"content":{"rendered":"<div class=\"wpb-content-wrapper\"><p>[vc_row][vc_column][vc_single_image image=\u00a0\u00bb17995&Prime; img_size=\u00a0\u00bbmedium\u00a0\u00bb alignment=\u00a0\u00bbcenter\u00a0\u00bb][vc_column_text]La section volley du MUC est cr\u00e9\u00e9e en 1941 par de jeunes joueurs jusque l\u00e0 adeptes du volley de plage.<\/p>\n<p>D\u00e8s 1944, elle remporte le Championnat du Languedoc et le Championnat de France zone sud face \u00e0 l\u2019AS Cannes. Le MUC est battu en finale interzone par le Paris Universit\u00e9 Club (0-3). En 1946, les mucistes s\u2019imposent face \u00e0 l\u2019\u00e9quipe de France (3-1) en match amical au coll\u00e8ge L\u00e9gouv\u00e9, sur les bords du Verdanson.<\/p>\n<p>L\u2019ann\u00e9e suivante, ils d\u00e9crochent leur premier titre de Champion de France.<\/p>\n<p>\u00c0 cette \u00e9poque, les matchs ont lieu en plein air, faute de salles adapt\u00e9es (coll\u00e8ge Legouv\u00e9, stade Sabath\u00e9, cit\u00e9 Beno\u00eet\u2026).<\/p>\n<p>L\u2019\u00e9quipe f\u00e9minine n\u2019est pas en reste et remporte sept titres entre 1949 et 1962.<\/p>\n<p><strong><a href=\"http:\/\/www.montpellier-volley.com\/index.php\/equipe-pro\/joueurs\/\">Effectif Ligue AM 2018-2019<\/a><br \/>\n<\/strong><\/p>\n<p><strong>Si\u00e8ge Social<\/strong><br \/>\nPalais des Sports Pierre de Coubertin<br \/>\n25 avenue de Naples<br \/>\n34070 Montpellier Cedex 4<\/p>\n<p><strong>Bureaux<\/strong><br \/>\n345 route de N\u00eemes<br \/>\n34170 Castalnau-le-Lez<br \/>\nT\u00e9l : 04 67 45 77 77<br \/>\nMail : contact@montpellier-volley.com[\/vc_column_text][\/vc_column][\/vc_row][vc_row][vc_column][vc_single_image image=\u00a0\u00bb15473&Prime; img_size=\u00a0\u00bbfull\u00a0\u00bb alignment=\u00a0\u00bbcenter\u00a0\u00bb onclick=\u00a0\u00bbimg_link_large\u00a0\u00bb img_link_target=\u00a0\u00bb_blank\u00a0\u00bb][\/vc_column][\/vc_row]<\/p>\n<\/div>","protected":false},"excerpt":{"rendered":"<p>[vc_row][vc_column][vc_single_image image=\u00a0\u00bb17995&Prime; img_size=\u00a0\u00bbmedium\u00a0\u00bb alignment=\u00a0\u00bbcenter\u00a0\u00bb][vc_column_text]La section volley du MUC est cr\u00e9\u00e9e en 1941 par de jeunes joueurs jusque l\u00e0 adeptes du volley de plage. D\u00e8s 1944, elle remporte le Championnat du Languedoc et le Championnat de France zone sud face \u00e0 l\u2019AS Cannes. Le MUC est battu en finale interzone par le Paris Universit\u00e9 Club (0-3)&#8230;.<\/p>\n","protected":false},"author":1,"featured_media":0,"parent":534,"menu_order":0,"comment_status":"closed","ping_status":"closed","template":"","meta":[],"_links":{"self":[{"href":"https:\/\/volly.server-prod.com\/index.php\/wp-json\/wp\/v2\/pages\/92"}],"collection":[{"href":"https:\/\/volly.server-prod.com\/index.php\/wp-json\/wp\/v2\/pages"}],"about":[{"href":"https:\/\/volly.server-prod.com\/index.php\/wp-json\/wp\/v2\/types\/page"}],"author":[{"embeddable":true,"href":"https:\/\/volly.server-prod.com\/index.php\/wp-json\/wp\/v2\/users\/1"}],"replies":[{"embeddable":true,"href":"https:\/\/volly.server-prod.com\/index.php\/wp-json\/wp\/v2\/comments?post=92"}],"version-history":[{"count":6,"href":"https:\/\/volly.server-prod.com\/index.php\/wp-json\/wp\/v2\/pages\/92\/revisions"}],"predecessor-version":[{"id":21251,"href":"https:\/\/volly.server-prod.com\/index.php\/wp-json\/wp\/v2\/pages\/92\/revisions\/21251"}],"up":[{"embeddable":true,"href":"https:\/\/volly.server-prod.com\/index.php\/wp-json\/wp\/v2\/pages\/534"}],"wp:attachment":[{"href":"https:\/\/volly.server-prod.com\/index.php\/wp-json\/wp\/v2\/media?parent=92"}],"curies":[{"name":"wp","href":"https:\/\/api.w.org\/{rel}","templated":true}]}}