	{"id":790,"date":"2016-05-12T10:54:33","date_gmt":"2016-05-12T08:54:33","guid":{"rendered":"http:\/\/basketball.stylemixthemes.com\/?page_id=790"},"modified":"2023-04-28T10:35:57","modified_gmt":"2023-04-28T08:35:57","slug":"gouvernance","status":"publish","type":"page","link":"https:\/\/volly.server-prod.com\/index.php\/le-club\/gouvernance\/","title":{"rendered":"Gouvernance"},"content":{"rendered":"<div class=\"wpb-content-wrapper\"><p>[vc_row][vc_column][vc_text_separator title=\u00a0\u00bbBureau du MCVUC\u00a0\u00bb title_align=\u00a0\u00bbseparator_align_left\u00a0\u00bb color=\u00a0\u00bborange\u00a0\u00bb border_width=\u00a0\u00bb2&Prime; el_class=\u00a0\u00bbtitre-separateur\u00a0\u00bb][\/vc_column][\/vc_row][vc_row][vc_column][vc_column_text]<strong>J\u00e9r\u00e9mie GUILLAUME<\/strong> \u2013 Pr\u00e9sident<br \/>\n<strong>Romain GUY<\/strong> \u2013 Secr\u00e9taire G\u00e9n\u00e9ral<br \/>\n<strong>Pierre ALTASSERRE<\/strong> &#8211; Tr\u00e9sorier[\/vc_column_text][\/vc_column][\/vc_row][vc_row][vc_column][vc_text_separator title=\u00a0\u00bbConseil d&rsquo;Administration\u00a0\u00bb title_align=\u00a0\u00bbseparator_align_left\u00a0\u00bb color=\u00a0\u00bborange\u00a0\u00bb border_width=\u00a0\u00bb2&Prime; el_class=\u00a0\u00bbtitre-separateur\u00a0\u00bb][vc_column_text]Pierre ALTASSERRE<br \/>\nClaude BARBE<br \/>\nJean-Charles CAYLAR<br \/>\nPascal CLAV\u00c9<br \/>\nBruno CHOMEYRAC<br \/>\nJean-Louis CUQ<br \/>\nFran\u00e7ois-Olivier DEZEIX<br \/>\nDavid D&rsquo;ERAMO<br \/>\nJean-Louis DUPONT<br \/>\nMarc FERRIERE<br \/>\nGr\u00e9gory GAGLIANO<br \/>\nAdrien GAYAUD<br \/>\nAndr\u00e9 GODEFROY<br \/>\nJ\u00e9r\u00e9mie GUILLAUME<br \/>\nRomain GUY<br \/>\nSamuel JOLY<br \/>\nJean-Fran\u00e7ois LOUIS<br \/>\nOlivier MAJOULET<br \/>\nJacques MERCIER<br \/>\nNatalie PARNIERE<br \/>\nStan PATRY<br \/>\nMarie PEYRACHE<br \/>\nMaxime QUEVAL<br \/>\nGuy RICHARD<br \/>\nTom SCHNEIDER<br \/>\nJean-Michel SITBON<br \/>\nJean-Jacques SURJUS<br \/>\nJ\u00e9rome SURJUS<br \/>\nCl\u00e9ment SURJUS<br \/>\nNadia ZIANI[\/vc_column_text][\/vc_column][\/vc_row]<\/p>\n<\/div>","protected":false},"excerpt":{"rendered":"<p>[vc_row][vc_column][vc_text_separator title=\u00a0\u00bbBureau du MCVUC\u00a0\u00bb title_align=\u00a0\u00bbseparator_align_left\u00a0\u00bb color=\u00a0\u00bborange\u00a0\u00bb border_width=\u00a0\u00bb2&Prime; el_class=\u00a0\u00bbtitre-separateur\u00a0\u00bb][\/vc_column][\/vc_row][vc_row][vc_column][vc_column_text]J\u00e9r\u00e9mie GUILLAUME \u2013 Pr\u00e9sident Romain GUY \u2013 Secr\u00e9taire G\u00e9n\u00e9ral Pierre ALTASSERRE &#8211; Tr\u00e9sorier[\/vc_column_text][\/vc_column][\/vc_row][vc_row][vc_column][vc_text_separator title=\u00a0\u00bbConseil d&rsquo;Administration\u00a0\u00bb title_align=\u00a0\u00bbseparator_align_left\u00a0\u00bb color=\u00a0\u00bborange\u00a0\u00bb border_width=\u00a0\u00bb2&Prime; el_class=\u00a0\u00bbtitre-separateur\u00a0\u00bb][vc_column_text]Pierre ALTASSERRE Claude BARBE Jean-Charles CAYLAR Pascal CLAV\u00c9 Bruno CHOMEYRAC Jean-Louis CUQ Fran\u00e7ois-Olivier DEZEIX David D&rsquo;ERAMO Jean-Louis DUPONT Marc FERRIERE Gr\u00e9gory GAGLIANO Adrien GAYAUD Andr\u00e9 GODEFROY J\u00e9r\u00e9mie GUILLAUME Romain GUY&#8230;<\/p>\n","protected":false},"author":1,"featured_media":0,"parent":534,"menu_order":0,"comment_status":"closed","ping_status":"closed","template":"","meta":[],"_links":{"self":[{"href":"https:\/\/volly.server-prod.com\/index.php\/wp-json\/wp\/v2\/pages\/790"}],"collection":[{"href":"https:\/\/volly.server-prod.com\/index.php\/wp-json\/wp\/v2\/pages"}],"about":[{"href":"https:\/\/volly.server-prod.com\/index.php\/wp-json\/wp\/v2\/types\/page"}],"author":[{"embeddable":true,"href":"https:\/\/volly.server-prod.com\/index.php\/wp-json\/wp\/v2\/users\/1"}],"replies":[{"embeddable":true,"href":"https:\/\/volly.server-prod.com\/index.php\/wp-json\/wp\/v2\/comments?post=790"}],"version-history":[{"count":28,"href":"https:\/\/volly.server-prod.com\/index.php\/wp-json\/wp\/v2\/pages\/790\/revisions"}],"predecessor-version":[{"id":29017,"href":"https:\/\/volly.server-prod.com\/index.php\/wp-json\/wp\/v2\/pages\/790\/revisions\/29017"}],"up":[{"embeddable":true,"href":"https:\/\/volly.server-prod.com\/index.php\/wp-json\/wp\/v2\/pages\/534"}],"wp:attachment":[{"href":"https:\/\/volly.server-prod.com\/index.php\/wp-json\/wp\/v2\/media?parent=790"}],"curies":[{"name":"wp","href":"https:\/\/api.w.org\/{rel}","templated":true}]}}