	{"id":3922,"date":"2017-08-08T15:53:34","date_gmt":"2017-08-08T13:53:34","guid":{"rendered":"http:\/\/www.montpellier-volley.com\/?page_id=3922"},"modified":"2023-09-26T17:11:54","modified_gmt":"2023-09-26T15:11:54","slug":"index-php-produit-abonnement-abonnement-2023-2024-2","status":"publish","type":"page","link":"https:\/\/volly.server-prod.com\/index.php\/billetterie\/index-php-produit-abonnement-abonnement-2023-2024-2\/","title":{"rendered":"Abonnement 2023\/2024"},"content":{"rendered":"<div class=\"wpb-content-wrapper\"><p>[vc_row][vc_column][vc_single_image image=\u00a0\u00bb29841&Prime; img_size=\u00a0\u00bb800&#215;200&Prime; alignment=\u00a0\u00bbcenter\u00a0\u00bb][\/vc_column][\/vc_row][vc_row][vc_column][vc_column_text]<\/p>\n<h3><strong>ILS SONT ENFIN LA ! LES ABONNEMENTS POUR LA SAISON 2023\/2024 SONT ARRIVES !<\/strong><\/h3>\n<p>[\/vc_column_text][\/vc_column][\/vc_row][vc_row][vc_column][vc_images_carousel images=\u00a0\u00bb29848,29907,30148&Prime; img_size=\u00a0\u00bblarge\u00a0\u00bb slides_per_view=\u00a0\u00bb3&Prime; hide_pagination_control=\u00a0\u00bbyes\u00a0\u00bb hide_prev_next_buttons=\u00a0\u00bbyes\u00a0\u00bb][\/vc_column][\/vc_row][vc_row][vc_column][vc_column_text]<em><strong>Pr\u00e9-inscription :<\/strong><\/em> <a href=\"https:\/\/forms.gle\/qyoygGttoMHHp8Qo7\">ici.<\/a><\/p>\n<p>Une fois la pr\u00e9-inscription remplie et envoy\u00e9e, vous pouvez venir r\u00e9gler votre abonnement en boutique.<\/p>\n<p>Au <em>Palais des Sports Chaban Delmas<\/em>, 515 avenue de la Monnaie, 34170 Castelnau-le-lez<\/p>\n<p>(du lundi au vendredi de 10:00 \u00e0 17:00).<\/p>\n<p><strong><em>Ne pas oublier :<\/em><\/strong><\/p>\n<ul>\n<li><strong><em>Carte d&rsquo;identit\u00e9 ou Passeport.<\/em><\/strong><\/li>\n<li><strong><em>Si tarif r\u00e9duit : pass m\u00e9tropole, carte \u00e9tudiante, carte PMR, justificatif demandeur d&#8217;emploi, num\u00e9ro licence FFVB.<\/em><\/strong><\/li>\n<li><em><b>Si pack famille : livret de famille + carte d&rsquo;identit\u00e9\u00a0des enfants.<\/b><\/em><\/li>\n<\/ul>\n<p>[\/vc_column_text][\/vc_column][\/vc_row]<\/p>\n<\/div>","protected":false},"excerpt":{"rendered":"<p>[vc_row][vc_column][vc_single_image image=\u00a0\u00bb29841&Prime; img_size=\u00a0\u00bb800&#215;200&Prime; alignment=\u00a0\u00bbcenter\u00a0\u00bb][\/vc_column][\/vc_row][vc_row][vc_column][vc_column_text] ILS SONT ENFIN LA ! LES ABONNEMENTS POUR LA SAISON 2023\/2024 SONT ARRIVES ! [\/vc_column_text][\/vc_column][\/vc_row][vc_row][vc_column][vc_images_carousel images=\u00a0\u00bb29848,29907,30148&Prime; img_size=\u00a0\u00bblarge\u00a0\u00bb slides_per_view=\u00a0\u00bb3&Prime; hide_pagination_control=\u00a0\u00bbyes\u00a0\u00bb hide_prev_next_buttons=\u00a0\u00bbyes\u00a0\u00bb][\/vc_column][\/vc_row][vc_row][vc_column][vc_column_text]Pr\u00e9-inscription : ici. Une fois la pr\u00e9-inscription remplie et envoy\u00e9e, vous pouvez venir r\u00e9gler votre abonnement en boutique. Au Palais des Sports Chaban Delmas, 515 avenue de la Monnaie, 34170 Castelnau-le-lez (du&#8230;<\/p>\n","protected":false},"author":1,"featured_media":0,"parent":3920,"menu_order":0,"comment_status":"closed","ping_status":"closed","template":"","meta":[],"_links":{"self":[{"href":"https:\/\/volly.server-prod.com\/index.php\/wp-json\/wp\/v2\/pages\/3922"}],"collection":[{"href":"https:\/\/volly.server-prod.com\/index.php\/wp-json\/wp\/v2\/pages"}],"about":[{"href":"https:\/\/volly.server-prod.com\/index.php\/wp-json\/wp\/v2\/types\/page"}],"author":[{"embeddable":true,"href":"https:\/\/volly.server-prod.com\/index.php\/wp-json\/wp\/v2\/users\/1"}],"replies":[{"embeddable":true,"href":"https:\/\/volly.server-prod.com\/index.php\/wp-json\/wp\/v2\/comments?post=3922"}],"version-history":[{"count":23,"href":"https:\/\/volly.server-prod.com\/index.php\/wp-json\/wp\/v2\/pages\/3922\/revisions"}],"predecessor-version":[{"id":30149,"href":"https:\/\/volly.server-prod.com\/index.php\/wp-json\/wp\/v2\/pages\/3922\/revisions\/30149"}],"up":[{"embeddable":true,"href":"https:\/\/volly.server-prod.com\/index.php\/wp-json\/wp\/v2\/pages\/3920"}],"wp:attachment":[{"href":"https:\/\/volly.server-prod.com\/index.php\/wp-json\/wp\/v2\/media?parent=3922"}],"curies":[{"name":"wp","href":"https:\/\/api.w.org\/{rel}","templated":true}]}}