	{"id":3910,"date":"2017-08-08T15:47:54","date_gmt":"2017-08-08T13:47:54","guid":{"rendered":"http:\/\/www.montpellier-volley.com\/?page_id=3910"},"modified":"2021-11-03T18:25:01","modified_gmt":"2021-11-03T17:25:01","slug":"offres-de-nos-partenaires","status":"publish","type":"page","link":"https:\/\/volly.server-prod.com\/index.php\/partenaires\/offres-de-nos-partenaires\/","title":{"rendered":"Club Business 2.43"},"content":{"rendered":"<div class=\"wpb-content-wrapper\"><p>[vc_row][vc_column][vc_text_separator title=\u00a0\u00bbClub Business 2.43&Prime; title_align=\u00a0\u00bbseparator_align_left\u00a0\u00bb color=\u00a0\u00bborange\u00a0\u00bb border_width=\u00a0\u00bb2&Prime;][\/vc_column][\/vc_row][vc_row][vc_column][vc_single_image image=\u00a0\u00bb22971&Prime; img_size=\u00a0\u00bbfull\u00a0\u00bb alignment=\u00a0\u00bbcenter\u00a0\u00bb][\/vc_column][\/vc_row][vc_row][vc_column][vc_column_text]<strong><span class=\"color_11\">Le 2.43 est un Club Business constitu\u00e9 de dirigeants de TPE\/PME partenaires r\u00e9unis autour des valeurs du MHSC &#8211; Volley.<\/span><\/strong><\/p>\n<p><span class=\"color_11\"><span class=\"wixGuard\">\u200b<\/span><\/span><span class=\"color_11\">Ce club d&rsquo;affaires a pour objectifs la mise en relation de professionnels et entreprises partenaires dans le but d&rsquo;\u00e9changer, partager et d\u00e9velopper le business.<\/span><\/p>\n<p class=\"font_8\"><span class=\"color_11\">Notre vocation est de :<\/span><\/p>\n<p class=\"font_8\"><span class=\"color_11\">F\u00e9d\u00e9rer et d\u00e9velopper un r\u00e9seau d&rsquo;entreprises dynamiques, partenaires du MHSC-Volley ;<br \/>\n<\/span><span class=\"color_11\">Apprendre \u00e0 se connaitre et favoriser les \u00e9changes entre ses membres ;<br \/>\n<\/span><span class=\"color_11\">Partager une exp\u00e9rience sportive, humaine et conviviale ;<br \/>\n<\/span><span class=\"color_11\">Incarner et porter les valeurs du club MHSC-Volley.<\/span><\/p>\n<p class=\"font_8\"><strong><span class=\"color_11\">Nos valeurs :<\/span><\/strong><\/p>\n<ul class=\"font_8 color_11\">\n<li>\n<p class=\"font_8\"><span class=\"color_11\">Engagement personnel<\/span><\/p>\n<\/li>\n<li>\n<p class=\"font_8\"><span class=\"color_11\">Convivialit\u00e9 ;\u00a0<\/span><\/p>\n<\/li>\n<li>\n<p class=\"font_8\"><span class=\"color_11\">Esprit d\u2019\u00e9quipe ;<\/span><\/p>\n<\/li>\n<li>\n<p class=\"font_8\"><span class=\"color_11\">\u00c9thique ;<\/span><\/p>\n<\/li>\n<li>\n<p class=\"font_8\"><span class=\"color_11\">Professionnalisme.<\/span><\/p>\n<\/li>\n<\/ul>\n<p class=\"font_8\"><strong><span class=\"color_11\">Nos pratiques :<\/span><\/strong><\/p>\n<ul class=\"font_8 color_11\">\n<li>\n<p class=\"font_8\"><span class=\"color_11\">L&rsquo;implication dans la mise en relation de nouveaux contacts<\/span><\/p>\n<\/li>\n<li>\n<p class=\"font_8\"><span class=\"color_11\">Mettre \u00e0 disposition un annuaire des partenaires<\/span><\/p>\n<\/li>\n<li>\n<p class=\"font_8\"><span class=\"color_11\">Invitation des partenaires potentiels<\/span><\/p>\n<\/li>\n<li>\n<p class=\"font_8\"><span class=\"color_11\">Porter les valeurs du club 2.43 autour d&rsquo;\u00e9v\u00e8nements conviviaux rapprochant le Volley et le Business<\/span><\/p>\n<\/li>\n<li>\n<p class=\"font_8\"><span class=\"color_11\">Favoriser la visibilit\u00e9 des membres du club 2.43<\/span><\/p>\n<\/li>\n<li>\n<p class=\"font_8\"><span class=\"color_11\">Promouvoir le club 2.43 au travers de nos actions et de l&rsquo;image d\u00e9gag\u00e9e par le club business afin de donner envie \u00e0 d&rsquo;autres entreprises d&rsquo;y adh\u00e9rer.<\/span><\/p>\n<\/li>\n<li>\n<p class=\"font_8\"><span class=\"color_11\">Etre pr\u00e9sent aux r\u00e9unions mensuelles<\/span><\/p>\n<\/li>\n<\/ul>\n<p>&nbsp;<\/p>\n<p>Plus d&rsquo;infos : <a href=\"https:\/\/www.club-business-243.fr\/\">https:\/\/www.club-business-243.fr\/<\/a>[\/vc_column_text][\/vc_column][\/vc_row]<\/p>\n<\/div>","protected":false},"excerpt":{"rendered":"<p>[vc_row][vc_column][vc_text_separator title=\u00a0\u00bbClub Business 2.43&Prime; title_align=\u00a0\u00bbseparator_align_left\u00a0\u00bb color=\u00a0\u00bborange\u00a0\u00bb border_width=\u00a0\u00bb2&Prime;][\/vc_column][\/vc_row][vc_row][vc_column][vc_single_image image=\u00a0\u00bb22971&Prime; img_size=\u00a0\u00bbfull\u00a0\u00bb alignment=\u00a0\u00bbcenter\u00a0\u00bb][\/vc_column][\/vc_row][vc_row][vc_column][vc_column_text]Le 2.43 est un Club Business constitu\u00e9 de dirigeants de TPE\/PME partenaires r\u00e9unis autour des valeurs du MHSC &#8211; Volley. \u200bCe club d&rsquo;affaires a pour objectifs la mise en relation de professionnels et entreprises partenaires dans le but d&rsquo;\u00e9changer, partager et d\u00e9velopper le business. Notre vocation&#8230;<\/p>\n","protected":false},"author":1,"featured_media":0,"parent":3904,"menu_order":0,"comment_status":"closed","ping_status":"closed","template":"","meta":[],"_links":{"self":[{"href":"https:\/\/volly.server-prod.com\/index.php\/wp-json\/wp\/v2\/pages\/3910"}],"collection":[{"href":"https:\/\/volly.server-prod.com\/index.php\/wp-json\/wp\/v2\/pages"}],"about":[{"href":"https:\/\/volly.server-prod.com\/index.php\/wp-json\/wp\/v2\/types\/page"}],"author":[{"embeddable":true,"href":"https:\/\/volly.server-prod.com\/index.php\/wp-json\/wp\/v2\/users\/1"}],"replies":[{"embeddable":true,"href":"https:\/\/volly.server-prod.com\/index.php\/wp-json\/wp\/v2\/comments?post=3910"}],"version-history":[{"count":33,"href":"https:\/\/volly.server-prod.com\/index.php\/wp-json\/wp\/v2\/pages\/3910\/revisions"}],"predecessor-version":[{"id":23008,"href":"https:\/\/volly.server-prod.com\/index.php\/wp-json\/wp\/v2\/pages\/3910\/revisions\/23008"}],"up":[{"embeddable":true,"href":"https:\/\/volly.server-prod.com\/index.php\/wp-json\/wp\/v2\/pages\/3904"}],"wp:attachment":[{"href":"https:\/\/volly.server-prod.com\/index.php\/wp-json\/wp\/v2\/media?parent=3910"}],"curies":[{"name":"wp","href":"https:\/\/api.w.org\/{rel}","templated":true}]}}