	{"id":3804,"date":"2017-08-08T15:17:54","date_gmt":"2017-08-08T13:17:54","guid":{"rendered":"http:\/\/www.montpellier-volley.com\/?page_id=3804"},"modified":"2022-10-05T13:22:02","modified_gmt":"2022-10-05T11:22:02","slug":"palmares","status":"publish","type":"page","link":"https:\/\/volly.server-prod.com\/index.php\/le-club\/palmares\/","title":{"rendered":"Palmar\u00e8s"},"content":{"rendered":"<div class=\"wpb-content-wrapper\"><p>[vc_row][vc_column][vc_column_text]Depuis sa cr\u00e9ation en 1941, le Montpellier Castelnau Volley UC a toujours \u00e9volu\u00e9 au sein de l\u2019\u00e9lite. Cette long\u00e9vit\u00e9 exceptionnelle est associ\u00e9e \u00e0 l\u2019un des palmar\u00e8s les plus prestigieux de France.[\/vc_column_text][vc_text_separator title=\u00a0\u00bbEquipe professionnelle masculine\u00a0\u00bb title_align=\u00a0\u00bbseparator_align_left\u00a0\u00bb color=\u00a0\u00bborange\u00a0\u00bb el_class=\u00a0\u00bbtitre-separateur\u00a0\u00bb][vc_column_text]<\/p>\n<ul>\n<li><strong>Champion : 1947, 1949, 1950, 1951, 1972, 1973, 1975, 2022<\/strong><\/li>\n<li>Vice-champion\u00a0:\u00a01969,\u00a01970,\u00a01971,\u00a01976,\u00a01977,\u00a01979,\u00a01992<\/li>\n<li>Finaliste Coupe de France : 2008, 2010<\/li>\n<li>Coupe d&rsquo;Europe : m\u00e9daille de bronze en 1988<\/li>\n<\/ul>\n<p>[\/vc_column_text][vc_text_separator title=\u00a0\u00bbEquipe premi\u00e8re f\u00e9minine\u00a0\u00bb title_align=\u00a0\u00bbseparator_align_left\u00a0\u00bb color=\u00a0\u00bborange\u00a0\u00bb el_class=\u00a0\u00bbtitre-separateur\u00a0\u00bb][vc_column_text]<\/p>\n<ul>\n<li><strong>Champion : 1949, 1950, 1952, 1957, 1958, 1959,1962<\/strong><\/li>\n<\/ul>\n<p>[\/vc_column_text][vc_text_separator title=\u00a0\u00bbPalmar\u00e8s du centre de formation\u00a0\u00bb title_align=\u00a0\u00bbseparator_align_left\u00a0\u00bb color=\u00a0\u00bborange\u00a0\u00bb el_class=\u00a0\u00bbtitre-separateur\u00a0\u00bb][vc_column_text]<strong>Equipe R\u00e9serve :\u00a0<\/strong><\/p>\n<ul>\n<li>Accession \u00e0 la Nationale 1 en 2013<\/li>\n<li>Accession \u00e0 la Nationale 2 en 2012<\/li>\n<li><strong>Champion de France Nationale 3 en 2007<\/strong><\/li>\n<\/ul>\n<p><b>Espoirs (M20) :\u00a0<\/b><\/p>\n<ul>\n<li>4\u00e8me du championnat de France 2012<\/li>\n<li>Vice champion de France en 2010 et 2015<\/li>\n<li>3\u00e8me du championnat de France en 2008<\/li>\n<li><strong>Champion de France en 2005, 2006 et 2016<br \/>\n<\/strong><\/li>\n<\/ul>\n<p><b>Juniors :\u00a0<\/b><\/p>\n<ul>\n<li><strong>Champions de France 2011<\/strong><\/li>\n<li>4\u00e8me du championnat de France en 2009 et 2008<\/li>\n<\/ul>\n<p><b>Cadets :\u00a0<\/b><\/p>\n<ul>\n<li><strong>Champions de France 2007<\/strong><\/li>\n<li>Vice-champion de France \u00a02006<\/li>\n<\/ul>\n<p><b>Minimes :\u00a0<\/b><\/p>\n<ul>\n<li>5\u00e8me du championnat de France en 2012<\/li>\n<li>4\u00e8me\u00a0du championnat de France en 2011<\/li>\n<\/ul>\n<p><b>Benjamins :\u00a0<\/b><\/p>\n<ul>\n<li>3\u00e8me du championnat de France en 2009<\/li>\n<\/ul>\n<p>[\/vc_column_text][\/vc_column][\/vc_row]<\/p>\n<\/div>","protected":false},"excerpt":{"rendered":"<p>[vc_row][vc_column][vc_column_text]Depuis sa cr\u00e9ation en 1941, le Montpellier Castelnau Volley UC a toujours \u00e9volu\u00e9 au sein de l\u2019\u00e9lite. Cette long\u00e9vit\u00e9 exceptionnelle est associ\u00e9e \u00e0 l\u2019un des palmar\u00e8s les plus prestigieux de France.[\/vc_column_text][vc_text_separator title=\u00a0\u00bbEquipe professionnelle masculine\u00a0\u00bb title_align=\u00a0\u00bbseparator_align_left\u00a0\u00bb color=\u00a0\u00bborange\u00a0\u00bb el_class=\u00a0\u00bbtitre-separateur\u00a0\u00bb][vc_column_text] Champion : 1947, 1949, 1950, 1951, 1972, 1973, 1975, 2022 Vice-champion\u00a0:\u00a01969,\u00a01970,\u00a01971,\u00a01976,\u00a01977,\u00a01979,\u00a01992 Finaliste Coupe de France : 2008, 2010&#8230;<\/p>\n","protected":false},"author":1,"featured_media":0,"parent":534,"menu_order":0,"comment_status":"closed","ping_status":"closed","template":"","meta":[],"_links":{"self":[{"href":"https:\/\/volly.server-prod.com\/index.php\/wp-json\/wp\/v2\/pages\/3804"}],"collection":[{"href":"https:\/\/volly.server-prod.com\/index.php\/wp-json\/wp\/v2\/pages"}],"about":[{"href":"https:\/\/volly.server-prod.com\/index.php\/wp-json\/wp\/v2\/types\/page"}],"author":[{"embeddable":true,"href":"https:\/\/volly.server-prod.com\/index.php\/wp-json\/wp\/v2\/users\/1"}],"replies":[{"embeddable":true,"href":"https:\/\/volly.server-prod.com\/index.php\/wp-json\/wp\/v2\/comments?post=3804"}],"version-history":[{"count":9,"href":"https:\/\/volly.server-prod.com\/index.php\/wp-json\/wp\/v2\/pages\/3804\/revisions"}],"predecessor-version":[{"id":26235,"href":"https:\/\/volly.server-prod.com\/index.php\/wp-json\/wp\/v2\/pages\/3804\/revisions\/26235"}],"up":[{"embeddable":true,"href":"https:\/\/volly.server-prod.com\/index.php\/wp-json\/wp\/v2\/pages\/534"}],"wp:attachment":[{"href":"https:\/\/volly.server-prod.com\/index.php\/wp-json\/wp\/v2\/media?parent=3804"}],"curies":[{"name":"wp","href":"https:\/\/api.w.org\/{rel}","templated":true}]}}