	{"id":22528,"date":"2021-10-11T23:01:23","date_gmt":"2021-10-11T21:01:23","guid":{"rendered":"https:\/\/www.montpellier-volley.com\/?page_id=22528"},"modified":"2021-10-18T14:51:08","modified_gmt":"2021-10-18T12:51:08","slug":"fan-experience","status":"publish","type":"page","link":"https:\/\/volly.server-prod.com\/index.php\/fan-experience\/","title":{"rendered":"FAN EXPERIENCE"},"content":{"rendered":"<div class=\"wpb-content-wrapper\"><p>[vc_row][vc_column][vc_column_text]<\/p>\n<h2><strong>Bienvenue dans la FAN EXPERIENCE du MHSC VB !<\/strong><\/h2>\n<p><strong>Passionn\u00e9s de volley, que vous soyez licenci\u00e9s, b\u00e9n\u00e9voles ou spectateurs, la FAN EXPERIENCE est faite pour vous!<\/strong><\/p>\n<p><strong>La FAN EXPERIENCE, c&rsquo;est avant tout des moments uniques d\u00e9clin\u00e9s comme un match en 3 sets! Des moments partag\u00e9s avec notre \u00e9quipe professionnelle: une proximit\u00e9 avec l&rsquo;\u00e9quipe, une immersion en coulisses, des soir\u00e9es de f\u00eate entre fans et de complicit\u00e9 avec nos joueurs les soirs de match&#8230;<\/strong><\/p>\n<p><strong>Laissez-vous guider au sein de la FAN EXPERIENCE et rejoignez l&rsquo;\u00e9quipe pendant le Set qui vous convient!<\/strong>[\/vc_column_text][\/vc_column][\/vc_row][vc_row][vc_column][vc_text_separator title=\u00a0\u00bb1er SET : LA FAN ZONE\u00a0\u00bb color=\u00a0\u00bbsandy_brown\u00a0\u00bb][\/vc_column][\/vc_row][vc_row][vc_column][vc_single_image image=\u00a0\u00bb22529&Prime; img_size=\u00a0\u00bbfull\u00a0\u00bb alignment=\u00a0\u00bbcenter\u00a0\u00bb][vc_column_text]<\/p>\n<h3><strong>Venez vibrer volley un soir de Match !<\/strong><\/h3>\n<p>Que vous soyez en solo, en famille, avec votre \u00e9quipe ou vos amis, vous voulez crier, chanter et encourager votre \u00e9quipe dans une ambiance conviviale et dynamique: \u00e7a se passe \u00e0 la FAN ZONE du MHSC VB.<\/p>\n<p>B\u00e9n\u00e9ficiez d&rsquo;un accueil d\u00e9di\u00e9 les soirs de match et laissez vous guider jusqu&rsquo;\u00e0 la tribune FAN ZONE par nos h\u00f4tesses.<\/p>\n<p>Recevez votre Kit du Supporter officiel du MHSC VB, laissez vous maquiller aux couleurs du Club et prenez place !D\u00e8s la chauffe des 2 \u00e9quipes, vous vous laisserez ambiancer avec l&rsquo;ensemble des supporters de la Tribune. Le match d\u00e9bute: c&rsquo;est \u00e0 vous de jouer!<\/p>\n<p><strong>Faites un max de bruit pour encourager votre \u00e9quipe !<\/strong><\/p>\n<p>En fin de match, partagez un moment unique avec nos joueurs au pied de la tribune: autographes &amp; photos seront au rendez-vous.[\/vc_column_text][vc_text_separator title=\u00a0\u00bb2\u00e8me SET : L&rsquo;INSIDE DU MHSC VOLLEY\u00a0\u00bb color=\u00a0\u00bbsandy_brown\u00a0\u00bb][vc_single_image image=\u00a0\u00bb22756&Prime; img_size=\u00a0\u00bbfull\u00a0\u00bb alignment=\u00a0\u00bbcenter\u00a0\u00bb][vc_column_text]<\/p>\n<h3><strong>Venez faire un tour en coulisses !<\/strong><\/h3>\n<p>Vous souhaitez d\u00e9couvrir les offs de la vie de l&rsquo;\u00e9quipe professionnelle? Vous aimeriez venir voir comment se pr\u00e9parent nos joueurs quand ils ne sont pas en match? L&rsquo;INSIDE DU MHSC VOLLEY est fait pour vous!<\/p>\n<p>Dans le cadre de cet \u00e9v\u00e8nement, vous pourrez:<\/p>\n<ul>\n<li>\u00catre accueilli par le Staff de la Team Pro<\/li>\n<li>Visiter les infrastructures de la Team Pro<\/li>\n<li>Assister \u00e0 l&rsquo;entrainement des joueurs<\/li>\n<li>Recevoir le poster officiel du MHSC VB<\/li>\n<li>Echanger en fin d&rsquo;entrainement avec nos joueurs (photos, autographes, questions\/r\u00e9ponses&#8230;)<\/li>\n<\/ul>\n<p>&nbsp;<\/p>\n<p>[\/vc_column_text][\/vc_column][\/vc_row][vc_row][vc_column][vc_text_separator title=\u00a0\u00bb3\u00e8me SET : LE TRAINING DE CHAMPION\u00a0\u00bb color=\u00a0\u00bbsandy_brown\u00a0\u00bb][\/vc_column][\/vc_row][vc_row][vc_column][vc_single_image image=\u00a0\u00bb22883&Prime; img_size=\u00a0\u00bbfull\u00a0\u00bb alignment=\u00a0\u00bbcenter\u00a0\u00bb][vc_column_text]<\/p>\n<h3><strong>Jouez la comme un pro !<\/strong><\/h3>\n<p>Le Training du Champion est destin\u00e9 aux clubs de volley et aux \u00e9tablissements scolaires qui souhaitent faire vivre \u00e0 leurs licenci\u00e9s ou leurs \u00e9l\u00e8ves, baskets aux pieds, un moment de volley partag\u00e9 avec notre Team pro.<\/p>\n<p>Le temps d&rsquo;un apr\u00e8s-midi, les jeunes passionn\u00e9s participeront \u00e0 un entrainement d\u00e9couverte organis\u00e9 par le Staff pro:<\/p>\n<ul>\n<li>Accueil par nos joueurs<\/li>\n<li>Remise du Kit du Champion<\/li>\n<li>Echauffement con\u00e7u par notre pr\u00e9parateur physique et dirig\u00e9 par notre capitaine<\/li>\n<li>Ateliers ludiques autour du volley et dirig\u00e9s par nos joueurs pros<\/li>\n<li>Go\u00fbter du Champion partag\u00e9 avec le Staff et la Team Pro<\/li>\n<li>Temps d&rsquo;\u00e9changes, de photos et d&rsquo;autographes en fin de s\u00e9ance<\/li>\n<\/ul>\n<p>Un v\u00e9ritable moment de partage avec nos joueurs pour permettre au plus grand nombre de d\u00e9couvrir le volley-ball et de c\u00f4toyer le sport professionnel dans une ambiance ludique et conviviale.<\/p>\n<p>Vous repr\u00e9sentez un Club ou un \u00e9tablissement scolaire et vous souhaitez participer \u00e0 cet \u00e9v\u00e8nement: contactez-nous par mail pour connaitre les prochaines dates d&rsquo;\u00e9v\u00e8nement.<\/p>\n<p>Vous \u00eates une entreprise et vous souhaitez participer au Training du Champion pour une activit\u00e9 Team Building ou une occasion sp\u00e9ciale, c&rsquo;est possible! Contactez-nous par mail (communication@montpellier-volley.com) pour que \u00e9tudier ensemble un \u00e9v\u00e8nement sur-mesure pour vos salari\u00e9s ou clients.[\/vc_column_text][\/vc_column][\/vc_row]<\/p>\n<\/div>","protected":false},"excerpt":{"rendered":"<p>[vc_row][vc_column][vc_column_text] Bienvenue dans la FAN EXPERIENCE du MHSC VB ! Passionn\u00e9s de volley, que vous soyez licenci\u00e9s, b\u00e9n\u00e9voles ou spectateurs, la FAN EXPERIENCE est faite pour vous! La FAN EXPERIENCE, c&rsquo;est avant tout des moments uniques d\u00e9clin\u00e9s comme un match en 3 sets! Des moments partag\u00e9s avec notre \u00e9quipe professionnelle: une proximit\u00e9 avec l&rsquo;\u00e9quipe, une&#8230;<\/p>\n","protected":false},"author":44,"featured_media":0,"parent":0,"menu_order":0,"comment_status":"closed","ping_status":"closed","template":"","meta":[],"_links":{"self":[{"href":"https:\/\/volly.server-prod.com\/index.php\/wp-json\/wp\/v2\/pages\/22528"}],"collection":[{"href":"https:\/\/volly.server-prod.com\/index.php\/wp-json\/wp\/v2\/pages"}],"about":[{"href":"https:\/\/volly.server-prod.com\/index.php\/wp-json\/wp\/v2\/types\/page"}],"author":[{"embeddable":true,"href":"https:\/\/volly.server-prod.com\/index.php\/wp-json\/wp\/v2\/users\/44"}],"replies":[{"embeddable":true,"href":"https:\/\/volly.server-prod.com\/index.php\/wp-json\/wp\/v2\/comments?post=22528"}],"version-history":[{"count":5,"href":"https:\/\/volly.server-prod.com\/index.php\/wp-json\/wp\/v2\/pages\/22528\/revisions"}],"predecessor-version":[{"id":22892,"href":"https:\/\/volly.server-prod.com\/index.php\/wp-json\/wp\/v2\/pages\/22528\/revisions\/22892"}],"wp:attachment":[{"href":"https:\/\/volly.server-prod.com\/index.php\/wp-json\/wp\/v2\/media?parent=22528"}],"curies":[{"name":"wp","href":"https:\/\/api.w.org\/{rel}","templated":true}]}}