	{"id":21824,"date":"2021-03-22T14:37:24","date_gmt":"2021-03-22T13:37:24","guid":{"rendered":"https:\/\/www.montpellier-volley.com\/?page_id=21824"},"modified":"2021-03-22T15:04:10","modified_gmt":"2021-03-22T14:04:10","slug":"espace-presse","status":"publish","type":"page","link":"https:\/\/volly.server-prod.com\/index.php\/media-2\/espace-presse\/","title":{"rendered":"ESPACE PRESSE"},"content":{"rendered":"<div class=\"wpb-content-wrapper\"><p>[vc_row][vc_column][vc_text_separator title=\u00a0\u00bbESPACE PRESSE\u00a0\u00bb title_align=\u00a0\u00bbseparator_align_left\u00a0\u00bb color=\u00a0\u00bborange\u00a0\u00bb border_width=\u00a0\u00bb2&Prime;][\/vc_column][\/vc_row][vc_row][vc_column][vc_column_text]Cette rubrique, enti\u00e8rement d\u00e9di\u00e9e aux journalistes et photographes professionnels, doit vous permettre de faciliter vos t\u00e2ches au Palais des Sports Jacques Chaban Delmas lors des s\u00e9ances d\u2019entra\u00eenement ouvertes au public et \u00e0 la presse et vos relations avec le service presse du club.<\/p>\n<p>Votre interlocuteur\u00a0:<\/p>\n<p>. J\u00e9r\u00e9mie GUILLAUME, Responsable Partenariats \u2013 Marketing \u2013 Communication<\/p>\n<p>Une seule adresse\u00a0: <a href=\"mailto:contact@montpellier-volley.com\">contact@montpellier-volley.com<\/a><\/p>\n<h4>RECEVOIR LES COMMUNIQU\u00c9S DE PRESSE<\/h4>\n<p>Pour recevoir toutes les informations et actualit\u00e9s du Club, merci de transmettre votre demande au service Presse par mail, avec vos coordonn\u00e9es et le m\u00e9dia repr\u00e9sent\u00e9<\/p>\n<h4>LES ENTRA\u00ceNEMENTS DE LA SEMAINE<\/h4>\n<p>Tous les entra\u00eenements sont ouverts aux m\u00e9dias, sur demande obligatoire formul\u00e9e \u00e0 l\u2019avance et par mail ou t\u00e9l\u00e9phone (04 67 45 77 77) au service Presse du MCVUC.<\/p>\n<h4>LES DEMANDES D\u2019INTERVIEWS<\/h4>\n<p>Des demandes d\u2019interviews particuli\u00e8res sont possibles toute la semaine, mais ces demandes doivent \u00eatre formul\u00e9es \u00e0 l\u2019avance et par mail ou t\u00e9l\u00e9phone (04 67 45 77 77) au service Presse du MCVUC qui se charge d\u2019organiser les rendez-vous avec les joueurs, le staff ou des membres du Club.<\/p>\n<h4>DOSSIER DE PRESSE<\/h4>\n<p>T\u00e9l\u00e9chargez le dossier de Presse 2020-2021 <a href=\"https:\/\/www.montpellier-volley.com\/wp-content\/uploads\/2021\/03\/Presentation-Team-Montpellier-20-21.pdf\">ici<\/a><\/p>\n<p>T\u00e9l\u00e9chargez les photos individuelles de l&rsquo;\u00e9quipe premi\u00e8re <a href=\"https:\/\/www.montpellier-volley.com\/wp-content\/uploads\/2021\/03\/Trombi-MCVUC-2020-2021.7z\">ici<\/a>[\/vc_column_text][\/vc_column][\/vc_row]<\/p>\n<\/div>","protected":false},"excerpt":{"rendered":"<p>[vc_row][vc_column][vc_text_separator title=\u00a0\u00bbESPACE PRESSE\u00a0\u00bb title_align=\u00a0\u00bbseparator_align_left\u00a0\u00bb color=\u00a0\u00bborange\u00a0\u00bb border_width=\u00a0\u00bb2&Prime;][\/vc_column][\/vc_row][vc_row][vc_column][vc_column_text]Cette rubrique, enti\u00e8rement d\u00e9di\u00e9e aux journalistes et photographes professionnels, doit vous permettre de faciliter vos t\u00e2ches au Palais des Sports Jacques Chaban Delmas lors des s\u00e9ances d\u2019entra\u00eenement ouvertes au public et \u00e0 la presse et vos relations avec le service presse du club. Votre interlocuteur\u00a0: . J\u00e9r\u00e9mie GUILLAUME, Responsable Partenariats&#8230;<\/p>\n","protected":false},"author":3,"featured_media":0,"parent":3912,"menu_order":0,"comment_status":"closed","ping_status":"closed","template":"","meta":[],"_links":{"self":[{"href":"https:\/\/volly.server-prod.com\/index.php\/wp-json\/wp\/v2\/pages\/21824"}],"collection":[{"href":"https:\/\/volly.server-prod.com\/index.php\/wp-json\/wp\/v2\/pages"}],"about":[{"href":"https:\/\/volly.server-prod.com\/index.php\/wp-json\/wp\/v2\/types\/page"}],"author":[{"embeddable":true,"href":"https:\/\/volly.server-prod.com\/index.php\/wp-json\/wp\/v2\/users\/3"}],"replies":[{"embeddable":true,"href":"https:\/\/volly.server-prod.com\/index.php\/wp-json\/wp\/v2\/comments?post=21824"}],"version-history":[{"count":7,"href":"https:\/\/volly.server-prod.com\/index.php\/wp-json\/wp\/v2\/pages\/21824\/revisions"}],"predecessor-version":[{"id":21835,"href":"https:\/\/volly.server-prod.com\/index.php\/wp-json\/wp\/v2\/pages\/21824\/revisions\/21835"}],"up":[{"embeddable":true,"href":"https:\/\/volly.server-prod.com\/index.php\/wp-json\/wp\/v2\/pages\/3912"}],"wp:attachment":[{"href":"https:\/\/volly.server-prod.com\/index.php\/wp-json\/wp\/v2\/media?parent=21824"}],"curies":[{"name":"wp","href":"https:\/\/api.w.org\/{rel}","templated":true}]}}